{"id":13,"date":"2024-07-03T04:24:34","date_gmt":"2024-07-03T04:24:34","guid":{"rendered":"https:\/\/tariana.vn\/?page_id=13"},"modified":"2024-08-15T20:56:41","modified_gmt":"2024-08-15T13:56:41","slug":"service","status":"publish","type":"page","link":"https:\/\/tariana.vn\/index.php\/service\/","title":{"rendered":"D\u1ecaCH V\u1ee4"},"content":{"rendered":"\n<div class=\"wp-block-group alignwide has-background is-layout-constrained wp-block-group-is-layout-constrained\" style=\"border-style:none;border-width:0px;background-color:#fefefe;padding-top:50px;padding-bottom:80px\">\n<div class=\"wp-block-group alignwide is-layout-flow wp-container-core-group-is-layout-21 wp-block-group-is-layout-flow\" style=\"padding-bottom:30px\">\n<div class=\"wp-block-group is-layout-constrained wp-container-core-group-is-layout-20 wp-block-group-is-layout-constrained\">\n<div class=\"wp-block-group animated animated-fadeInUp is-content-justification-center is-nowrap is-layout-flex wp-container-core-group-is-layout-3 wp-block-group-is-layout-flex\">\n<div class=\"wp-block-group hide-on-mobile is-layout-flow wp-block-group-is-layout-flow\">\n<hr class=\"wp-block-separator has-text-color has-primary-color has-alpha-channel-opacity has-primary-background-color has-background\"\/>\n<\/div>\n\n\n\n<p class=\"has-text-align-left has-primary-color has-text-color has-medium-font-size\" style=\"letter-spacing:1px\"><strong>D\u1ecaCH V\u1ee4<\/strong><\/p>\n\n\n\n<div class=\"wp-block-group hide-on-mobile is-layout-flow wp-block-group-is-layout-flow\">\n<hr class=\"wp-block-separator has-text-color has-primary-color has-alpha-channel-opacity has-primary-background-color has-background\"\/>\n<\/div>\n<\/div>\n\n\n\n<div class=\"wp-block-group alignwide has-white-background-color has-background is-layout-constrained wp-container-core-group-is-layout-16 wp-block-group-is-layout-constrained\" style=\"border-style:none;border-width:0px;padding-top:100px;padding-right:20px;padding-bottom:100px;padding-left:20px\">\n<div class=\"wp-block-columns alignwide is-layout-flex wp-container-core-columns-is-layout-4 wp-block-columns-is-layout-flex\">\n<div class=\"wp-block-column is-vertically-aligned-top is-layout-flow wp-block-column-is-layout-flow\">\n<div class=\"wp-block-columns is-not-stacked-on-mobile animated animated-fadeInUp is-layout-flex wp-container-core-columns-is-layout-1 wp-block-columns-is-layout-flex\">\n<div class=\"wp-block-column is-layout-flow wp-block-column-is-layout-flow\" style=\"flex-basis:100px\">\n<div class=\"wp-block-group is-layout-flow wp-block-group-is-layout-flow\" style=\"padding-bottom:15px\">\n<figure class=\"wp-block-image aligncenter size-full is-resized has-custom-border\"><img loading=\"lazy\" decoding=\"async\" width=\"260\" height=\"260\" src=\"https:\/\/tariana.vn\/wp-content\/uploads\/2024\/07\/Icon.png\" alt=\"\" class=\"wp-image-405\" style=\"border-radius:0px;width:50px;height:50px\" srcset=\"https:\/\/tariana.vn\/wp-content\/uploads\/2024\/07\/Icon.png 260w, https:\/\/tariana.vn\/wp-content\/uploads\/2024\/07\/Icon-150x150.png 150w\" sizes=\"auto, (max-width: 260px) 100vw, 260px\" \/><\/figure>\n<\/div>\n<\/div>\n\n\n\n<div class=\"wp-block-column is-layout-flow wp-block-column-is-layout-flow\" style=\"flex-basis:66.66%\">\n<div class=\"wp-block-group is-layout-flow wp-container-core-group-is-layout-5 wp-block-group-is-layout-flow\">\n<h3 class=\"wp-block-heading\"><a href=\"https:\/\/tariana.vn\/index.php\/nha-pho-biet-thu-villa\/\" data-type=\"page\" data-id=\"671\">Thi\u1ebft k\u1ebf thi c\u00f4ng nh\u00e0 ph\u1ed1, bi\u1ec7t th\u1ef1, villa<\/a><\/h3>\n\n\n\n<p class=\"has-text-align-left\"><\/p>\n<\/div>\n<\/div>\n<\/div>\n<\/div>\n\n\n\n<div class=\"wp-block-column is-vertically-aligned-top is-layout-flow wp-block-column-is-layout-flow\">\n<div class=\"wp-block-columns is-not-stacked-on-mobile animated animated-fadeInUp is-layout-flex wp-container-core-columns-is-layout-2 wp-block-columns-is-layout-flex\">\n<div class=\"wp-block-column is-layout-flow wp-block-column-is-layout-flow\" style=\"flex-basis:100px\">\n<div class=\"wp-block-group is-layout-flow wp-block-group-is-layout-flow\" style=\"padding-bottom:15px\">\n<figure class=\"wp-block-image aligncenter size-full is-resized has-custom-border\"><img loading=\"lazy\" decoding=\"async\" width=\"260\" height=\"260\" src=\"https:\/\/tariana.vn\/wp-content\/uploads\/2024\/07\/Icon.png\" alt=\"\" class=\"wp-image-405\" style=\"border-radius:0px;width:50px;height:50px\" srcset=\"https:\/\/tariana.vn\/wp-content\/uploads\/2024\/07\/Icon.png 260w, https:\/\/tariana.vn\/wp-content\/uploads\/2024\/07\/Icon-150x150.png 150w\" sizes=\"auto, (max-width: 260px) 100vw, 260px\" \/><\/figure>\n<\/div>\n<\/div>\n\n\n\n<div class=\"wp-block-column is-layout-flow wp-block-column-is-layout-flow\" style=\"flex-basis:66.66%\">\n<div class=\"wp-block-group is-layout-flow wp-container-core-group-is-layout-7 wp-block-group-is-layout-flow\">\n<h3 class=\"wp-block-heading\"><a href=\"https:\/\/tariana.vn\/index.php\/khach-san-resort\/\" data-type=\"page\" data-id=\"673\">Thi\u1ebft k\u1ec3 thi c\u00f4ng t\u00f2a nh\u00e0, kh\u00e1ch s\u1ea1n, resort<\/a><\/h3>\n\n\n\n<p class=\"has-text-align-left\"><\/p>\n<\/div>\n<\/div>\n<\/div>\n<\/div>\n\n\n\n<div class=\"wp-block-column is-vertically-aligned-top is-layout-flow wp-block-column-is-layout-flow\">\n<div class=\"wp-block-columns is-not-stacked-on-mobile animated animated-fadeInUp is-layout-flex wp-container-core-columns-is-layout-3 wp-block-columns-is-layout-flex\">\n<div class=\"wp-block-column is-layout-flow wp-block-column-is-layout-flow\" style=\"flex-basis:100px\">\n<div class=\"wp-block-group is-layout-flow wp-block-group-is-layout-flow\" style=\"padding-bottom:15px\">\n<figure class=\"wp-block-image aligncenter size-full is-resized has-custom-border\"><img loading=\"lazy\" decoding=\"async\" width=\"260\" height=\"260\" src=\"https:\/\/tariana.vn\/wp-content\/uploads\/2024\/07\/Icon.png\" alt=\"\" class=\"wp-image-405\" style=\"border-radius:0px;width:50px;height:50px\" srcset=\"https:\/\/tariana.vn\/wp-content\/uploads\/2024\/07\/Icon.png 260w, https:\/\/tariana.vn\/wp-content\/uploads\/2024\/07\/Icon-150x150.png 150w\" sizes=\"auto, (max-width: 260px) 100vw, 260px\" \/><\/figure>\n<\/div>\n<\/div>\n\n\n\n<div class=\"wp-block-column is-layout-flow wp-block-column-is-layout-flow\" style=\"flex-basis:66.66%\">\n<div class=\"wp-block-group is-layout-flow wp-container-core-group-is-layout-9 wp-block-group-is-layout-flow\">\n<h3 class=\"wp-block-heading\"><a href=\"https:\/\/tariana.vn\/index.php\/can-ho-cho-thue\/\" data-type=\"page\" data-id=\"675\">Thi\u1ebft k\u1ec3 thi c\u00f4ng c\u0103n h\u1ed9 cho thu\u00ea<\/a><\/h3>\n\n\n\n<p class=\"has-text-align-left\"><\/p>\n<\/div>\n<\/div>\n<\/div>\n<\/div>\n<\/div>\n\n\n\n<div class=\"wp-block-columns alignwide is-layout-flex wp-container-core-columns-is-layout-8 wp-block-columns-is-layout-flex\">\n<div class=\"wp-block-column is-vertically-aligned-top is-layout-flow wp-block-column-is-layout-flow\">\n<div class=\"wp-block-columns is-not-stacked-on-mobile animated animated-fadeInUp is-layout-flex wp-container-core-columns-is-layout-5 wp-block-columns-is-layout-flex\">\n<div class=\"wp-block-column is-layout-flow wp-block-column-is-layout-flow\" style=\"flex-basis:100px\">\n<div class=\"wp-block-group is-layout-flow wp-block-group-is-layout-flow\" style=\"padding-bottom:15px\">\n<figure class=\"wp-block-image aligncenter size-full is-resized has-custom-border\"><img loading=\"lazy\" decoding=\"async\" width=\"260\" height=\"260\" src=\"https:\/\/tariana.vn\/wp-content\/uploads\/2024\/07\/Icon.png\" alt=\"\" class=\"wp-image-405\" style=\"border-radius:0px;width:50px;height:50px\" srcset=\"https:\/\/tariana.vn\/wp-content\/uploads\/2024\/07\/Icon.png 260w, https:\/\/tariana.vn\/wp-content\/uploads\/2024\/07\/Icon-150x150.png 150w\" sizes=\"auto, (max-width: 260px) 100vw, 260px\" \/><\/figure>\n<\/div>\n<\/div>\n\n\n\n<div class=\"wp-block-column is-layout-flow wp-block-column-is-layout-flow\" style=\"flex-basis:66.66%\">\n<div class=\"wp-block-group is-layout-flow wp-container-core-group-is-layout-11 wp-block-group-is-layout-flow\">\n<h3 class=\"wp-block-heading\"><a href=\"https:\/\/tariana.vn\/index.php\/cai-tao-sua-chua\/\" data-type=\"page\" data-id=\"677\">C\u1ea3i t\u1ea1o s\u1eeda ch\u1eefa<\/a><\/h3>\n\n\n\n<p class=\"has-text-align-left\"><\/p>\n<\/div>\n<\/div>\n<\/div>\n<\/div>\n\n\n\n<div class=\"wp-block-column is-vertically-aligned-top is-layout-flow wp-block-column-is-layout-flow\">\n<div class=\"wp-block-columns is-not-stacked-on-mobile animated animated-fadeInUp is-layout-flex wp-container-core-columns-is-layout-6 wp-block-columns-is-layout-flex\">\n<div class=\"wp-block-column is-layout-flow wp-block-column-is-layout-flow\" style=\"flex-basis:100px\">\n<div class=\"wp-block-group is-layout-flow wp-block-group-is-layout-flow\" style=\"padding-bottom:15px\">\n<figure class=\"wp-block-image aligncenter size-full is-resized has-custom-border\"><img loading=\"lazy\" decoding=\"async\" width=\"260\" height=\"260\" src=\"https:\/\/tariana.vn\/wp-content\/uploads\/2024\/07\/Icon.png\" alt=\"\" class=\"wp-image-405\" style=\"border-radius:0px;width:50px;height:50px\" srcset=\"https:\/\/tariana.vn\/wp-content\/uploads\/2024\/07\/Icon.png 260w, https:\/\/tariana.vn\/wp-content\/uploads\/2024\/07\/Icon-150x150.png 150w\" sizes=\"auto, (max-width: 260px) 100vw, 260px\" \/><\/figure>\n<\/div>\n<\/div>\n\n\n\n<div class=\"wp-block-column is-layout-flow wp-block-column-is-layout-flow\" style=\"flex-basis:66.66%\">\n<div class=\"wp-block-group is-layout-flow wp-container-core-group-is-layout-13 wp-block-group-is-layout-flow\">\n<h3 class=\"wp-block-heading\"><a href=\"https:\/\/tariana.vn\/index.php\/show-room-nha-hang-ca-phe-bar\/\" data-type=\"page\" data-id=\"679\">Thi\u1ebft k\u1ec3 thi c\u00f4ng d\u1ecbch v\u1ee5 gi\u1ea3i tr\u00ed, showroom, nh\u00e0 h\u00e0ng, c\u00e0 ph\u00ea, bar<\/a><\/h3>\n\n\n\n<p class=\"has-text-align-left\"><\/p>\n<\/div>\n<\/div>\n<\/div>\n<\/div>\n\n\n\n<div class=\"wp-block-column is-vertically-aligned-top animated animated-fadeInUp is-layout-flow wp-block-column-is-layout-flow\">\n<div class=\"wp-block-columns is-not-stacked-on-mobile is-layout-flex wp-container-core-columns-is-layout-7 wp-block-columns-is-layout-flex\">\n<div class=\"wp-block-column is-layout-flow wp-block-column-is-layout-flow\" style=\"flex-basis:100px\">\n<div class=\"wp-block-group is-layout-flow wp-block-group-is-layout-flow\" style=\"padding-bottom:15px\">\n<figure class=\"wp-block-image aligncenter size-full is-resized has-custom-border\"><img loading=\"lazy\" decoding=\"async\" width=\"260\" height=\"260\" src=\"https:\/\/tariana.vn\/wp-content\/uploads\/2024\/07\/Icon.png\" alt=\"\" class=\"wp-image-405\" style=\"border-radius:0px;width:50px;height:50px\" srcset=\"https:\/\/tariana.vn\/wp-content\/uploads\/2024\/07\/Icon.png 260w, https:\/\/tariana.vn\/wp-content\/uploads\/2024\/07\/Icon-150x150.png 150w\" sizes=\"auto, (max-width: 260px) 100vw, 260px\" \/><\/figure>\n<\/div>\n<\/div>\n\n\n\n<div class=\"wp-block-column is-layout-flow wp-block-column-is-layout-flow\" style=\"flex-basis:66.66%\">\n<div class=\"wp-block-group is-layout-flow wp-container-core-group-is-layout-15 wp-block-group-is-layout-flow\">\n<h3 class=\"wp-block-heading\"><a href=\"https:\/\/tariana.vn\/index.php\/lap-quy-hoach-du-an\/\" data-type=\"page\" data-id=\"681\">T\u01b0 v\u1ea5n \u2013 L\u1eadp quy ho\u1ea1ch d\u1ef1 \u00e1n<\/a><\/h3>\n\n\n\n<p class=\"has-text-align-left\"><\/p>\n<\/div>\n<\/div>\n<\/div>\n<\/div>\n<\/div>\n<\/div>\n\n\n\n<div class=\"wp-block-group animated animated-fadeInUp is-content-justification-center is-nowrap is-layout-flex wp-container-core-group-is-layout-19 wp-block-group-is-layout-flex\">\n<div class=\"wp-block-group hide-on-mobile is-layout-flow wp-block-group-is-layout-flow\">\n<hr class=\"wp-block-separator has-text-color has-primary-color has-alpha-channel-opacity has-primary-background-color has-background\"\/>\n<\/div>\n\n\n\n<p class=\"has-text-align-left has-primary-color has-text-color has-medium-font-size\" style=\"letter-spacing:1px\"><strong>QUY TR\u00ccNH L\u00c0M VI\u1ec6C<\/strong><\/p>\n\n\n\n<div class=\"wp-block-group hide-on-mobile is-layout-flow wp-block-group-is-layout-flow\">\n<hr class=\"wp-block-separator has-text-color has-primary-color has-alpha-channel-opacity has-primary-background-color has-background\"\/>\n<\/div>\n<\/div>\n\n\n\n<h2 class=\"wp-block-heading has-text-align-center animated animated-fadeInUp has-slider-title-font-size\" style=\"line-height:1.3\">HO\u1ea0CH \u0110\u1ecaNH C\u00d4NG VI\u1ec6C CHUY\u00caN NGHI\u1ec6P<\/h2>\n<\/div>\n<\/div>\n\n\n\n<div class=\"wp-block-columns alignfull cons_light_feature is-layout-flex wp-container-core-columns-is-layout-9 wp-block-columns-is-layout-flex\" style=\"padding-right:4rem;padding-left:4rem\">\n<div class=\"wp-block-column has-shadow-dark feature-list is-layout-flow wp-block-column-is-layout-flow\" style=\"padding-top:0;padding-right:0;padding-bottom:0;padding-left:0\">\n<div class=\"wp-block-group is-layout-constrained wp-block-group-is-layout-constrained\">\n<figure class=\"wp-block-image aligncenter size-full\"><img loading=\"lazy\" decoding=\"async\" width=\"500\" height=\"324\" src=\"https:\/\/tariana.vn\/wp-content\/uploads\/2024\/07\/thiet-ke-3d-1.jpg\" alt=\"\" class=\"wp-image-215\" srcset=\"https:\/\/tariana.vn\/wp-content\/uploads\/2024\/07\/thiet-ke-3d-1.jpg 500w, https:\/\/tariana.vn\/wp-content\/uploads\/2024\/07\/thiet-ke-3d-1-300x194.jpg 300w\" sizes=\"auto, (max-width: 500px) 100vw, 500px\" \/><\/figure>\n\n\n\n<div class=\"wp-block-group is-layout-constrained wp-container-core-group-is-layout-22 wp-block-group-is-layout-constrained\" style=\"padding-right:2rem;padding-bottom:2rem;padding-left:2rem\">\n<h3 class=\"wp-block-heading has-text-align-center has-large-font-size\" style=\"margin-top:0;margin-right:0;margin-bottom:0;margin-left:0;padding-bottom:1.5rem\">KH\u1ea2O S\u00c1T Y\u00caU C\u1ea6U, L\u00caN \u00dd T\u01af\u1edeNG<\/h3>\n\n\n\n<p class=\"has-text-align-center\" style=\"margin-top:0;margin-right:0;margin-bottom:0;margin-left:0\">C\u00e1c y\u00eau c\u1ea7u c\u1ee7a kh\u00e1ch h\u00e0ng \u0111\u01b0\u1ee3c ti\u1ebfp nh\u1eadn, t\u01b0 v\u1ea5n phong c\u00e1ch ph\u00f9 h\u1ee3p v\u00e0 l\u00ean thi\u1ebft k\u1ebf d\u1ef1a tr\u00ean c\u00e1ch nhu c\u1ea7u \u0111\u00f3, k\u1ebft h\u1ee3p v\u1edbi bi\u1ec3u m\u1eabu thi\u1ebft k\u1ebf \u0111\u1ec3 kh\u00e1ch h\u00e0ng c\u00f3 \u0111\u01b0\u1ee3c s\u1ef1 l\u1ef1a ch\u1ecdn t\u1ed1i \u01b0u nh\u1ea5t<\/p>\n<\/div>\n<\/div>\n<\/div>\n\n\n\n<div class=\"wp-block-column has-shadow-dark feature-list is-layout-flow wp-block-column-is-layout-flow\" style=\"padding-top:0;padding-right:0;padding-bottom:0;padding-left:0\">\n<div class=\"wp-block-group is-layout-constrained wp-block-group-is-layout-constrained\">\n<figure class=\"wp-block-image aligncenter size-full\"><img loading=\"lazy\" decoding=\"async\" width=\"1000\" height=\"562\" src=\"https:\/\/tariana.vn\/wp-content\/uploads\/2024\/07\/thai-phien-1.jpg\" alt=\"\" class=\"wp-image-232\" srcset=\"https:\/\/tariana.vn\/wp-content\/uploads\/2024\/07\/thai-phien-1.jpg 1000w, https:\/\/tariana.vn\/wp-content\/uploads\/2024\/07\/thai-phien-1-300x169.jpg 300w, https:\/\/tariana.vn\/wp-content\/uploads\/2024\/07\/thai-phien-1-768x432.jpg 768w\" sizes=\"auto, (max-width: 1000px) 100vw, 1000px\" \/><\/figure>\n\n\n\n<div class=\"wp-block-group is-layout-constrained wp-container-core-group-is-layout-24 wp-block-group-is-layout-constrained\" style=\"padding-right:2rem;padding-bottom:2rem;padding-left:2rem\">\n<h3 class=\"wp-block-heading has-text-align-center has-large-font-size\" style=\"margin-top:0;margin-right:0;margin-bottom:0;margin-left:0;padding-bottom:1.5rem\">THI\u1ebeT K\u1ebe 3D<\/h3>\n\n\n\n<p class=\"has-text-align-center\" style=\"margin-top:0;margin-right:0;margin-bottom:0;margin-left:0\">To\u00e0n b\u1ed9 thi\u1ebft k\u1ebf \u0111\u1ec1u \u0111\u01b0\u1ee3c m\u00f4 ph\u1ecfng trong th\u1ebf gi\u1edbi 3D, n\u01a1i m\u00e0 kh\u00e1ch h\u00e0ng c\u00f3 th\u1ec3 th\u1ef1c s\u1ef1 c\u1ea3m nh\u1eadn \u0111\u01b0\u1ee3c m\u1ed9t c\u00e1ch t\u1ed5ng th\u1ec3 to\u00e0n b\u1ed9 c\u0103n nh\u00e0 v\u1edbi nh\u1eefng h\u00ecnh \u1ea3nh kh\u00f4ng gian nh\u01b0 th\u1ef1c t\u1ebf thi c\u00f4ng.<\/p>\n<\/div>\n<\/div>\n<\/div>\n\n\n\n<div class=\"wp-block-column has-shadow-dark feature-list is-layout-flow wp-block-column-is-layout-flow\" style=\"padding-top:0;padding-right:0;padding-bottom:0;padding-left:0\">\n<div class=\"wp-block-group is-layout-constrained wp-block-group-is-layout-constrained\">\n<figure class=\"wp-block-image aligncenter size-full\"><img loading=\"lazy\" decoding=\"async\" width=\"500\" height=\"324\" src=\"https:\/\/tariana.vn\/wp-content\/uploads\/2024\/07\/thie\u0302\u0301t-ke\u0302\u0301-3d-3.jpg\" alt=\"\" class=\"wp-image-210\" srcset=\"https:\/\/tariana.vn\/wp-content\/uploads\/2024\/07\/thie\u0302\u0301t-ke\u0302\u0301-3d-3.jpg 500w, https:\/\/tariana.vn\/wp-content\/uploads\/2024\/07\/thie\u0302\u0301t-ke\u0302\u0301-3d-3-300x194.jpg 300w\" sizes=\"auto, (max-width: 500px) 100vw, 500px\" \/><\/figure>\n\n\n\n<div class=\"wp-block-group is-layout-constrained wp-container-core-group-is-layout-26 wp-block-group-is-layout-constrained\" style=\"padding-right:2rem;padding-bottom:2rem;padding-left:2rem\">\n<h3 class=\"wp-block-heading has-text-align-center has-large-font-size\" style=\"margin-top:0;margin-right:0;margin-bottom:0;margin-left:0;padding-bottom:1.5rem\">THI\u1ebeT K\u1ebe PH\u1ed0I C\u1ea2NH<\/h3>\n\n\n\n<p class=\"has-text-align-center\" style=\"margin-top:0;margin-right:0;margin-bottom:0;margin-left:0\">Sau ph\u1ea7n thi\u1ebft k\u1ebf t\u1ed5ng quan l\u00e0 ph\u1ed1i c\u1ea3nh 3D cho ti\u1ebft c\u0103n nh\u00e0, v\u00e0 n\u1ed9i th\u1ea5t b\u00ean trong. T\u1ea5t c\u1ea3 thi\u1ebft k\u1ebf \u0111\u1ec1u \u0111\u01b0\u1ee3c \u0111\u1ea3m b\u1ea3o 99% khi c\u00f4ng tr\u00ecnh th\u1ef1c t\u1ebf thi c\u00f4ng<\/p>\n<\/div>\n<\/div>\n<\/div>\n<\/div>\n<\/div>\n\n\n\n<div class=\"wp-block-columns alignwide cons_light_feature is-layout-flex wp-container-core-columns-is-layout-10 wp-block-columns-is-layout-flex\" style=\"padding-right:4rem;padding-left:4rem\">\n<div class=\"wp-block-column has-shadow-dark feature-list is-layout-flow wp-block-column-is-layout-flow\" style=\"padding-top:0;padding-right:0;padding-bottom:0;padding-left:0\">\n<div class=\"wp-block-group is-layout-constrained wp-block-group-is-layout-constrained\">\n<figure class=\"wp-block-image aligncenter size-full\"><img loading=\"lazy\" decoding=\"async\" width=\"500\" height=\"333\" src=\"https:\/\/tariana.vn\/wp-content\/uploads\/2024\/07\/ky-hop-dong.jpg\" alt=\"\" class=\"wp-image-285\" srcset=\"https:\/\/tariana.vn\/wp-content\/uploads\/2024\/07\/ky-hop-dong.jpg 500w, https:\/\/tariana.vn\/wp-content\/uploads\/2024\/07\/ky-hop-dong-300x200.jpg 300w\" sizes=\"auto, (max-width: 500px) 100vw, 500px\" \/><\/figure>\n\n\n\n<div class=\"wp-block-group is-layout-constrained wp-container-core-group-is-layout-29 wp-block-group-is-layout-constrained\" style=\"padding-right:2rem;padding-bottom:2rem;padding-left:2rem\">\n<h3 class=\"wp-block-heading has-text-align-center has-large-font-size\" style=\"margin-top:0;margin-right:0;margin-bottom:0;margin-left:0;padding-bottom:1.5rem\">K\u00dd H\u1ee2P \u0110\u1ed2NG, THI C\u00d4NG<\/h3>\n\n\n\n<p class=\"has-text-align-center\" style=\"margin-top:0;margin-right:0;margin-bottom:0;margin-left:0\">C\u00e1c h\u1ee3p \u0111\u1ed9ng Tariana k\u00fd k\u1ebft v\u1edbi kh\u00e1ch h\u00e0ng r\u00f5 r\u00e0ng, r\u00e0nh m\u1ea1ch v\u00e0 chi ti\u1ebft cho t\u1eebng nguy\u00ean v\u1eadt li\u1ec7u.<\/p>\n<\/div>\n<\/div>\n<\/div>\n\n\n\n<div class=\"wp-block-column has-shadow-dark feature-list is-layout-flow wp-block-column-is-layout-flow\" style=\"padding-top:0;padding-right:0;padding-bottom:0;padding-left:0\">\n<div class=\"wp-block-group is-layout-constrained wp-block-group-is-layout-constrained\">\n<figure class=\"wp-block-image aligncenter size-full\"><img loading=\"lazy\" decoding=\"async\" width=\"500\" height=\"333\" src=\"https:\/\/tariana.vn\/wp-content\/uploads\/2024\/07\/thi-cong-.jpg\" alt=\"\" class=\"wp-image-288\" srcset=\"https:\/\/tariana.vn\/wp-content\/uploads\/2024\/07\/thi-cong-.jpg 500w, https:\/\/tariana.vn\/wp-content\/uploads\/2024\/07\/thi-cong--300x200.jpg 300w\" sizes=\"auto, (max-width: 500px) 100vw, 500px\" \/><\/figure>\n\n\n\n<div class=\"wp-block-group is-layout-constrained wp-container-core-group-is-layout-31 wp-block-group-is-layout-constrained\" style=\"padding-right:2rem;padding-bottom:2rem;padding-left:2rem\">\n<h3 class=\"wp-block-heading has-text-align-center has-large-font-size\" style=\"margin-top:0;margin-right:0;margin-bottom:0;margin-left:0;padding-bottom:1.5rem\">B\u00c1M S\u00c1T THI\u1ebeT K\u1ebe, TI\u1ebeP NH\u1eacN THAY \u0110\u1ed4I<\/h3>\n\n\n\n<p class=\"has-text-align-center\" style=\"margin-top:0;margin-right:0;margin-bottom:0;margin-left:0\">Tariana cam k\u1ebft 100% \u0111\u00fang thi\u1ebft k\u1ebf, ti\u1ebfn \u0111\u1ed9 thi c\u00f4ng c\u0169ng nh\u01b0 ch\u1ea5t l\u01b0\u1ee3ng s\u1ea3n ph\u1ea9m. Trong qu\u00e1 tr\u00ecnh l\u00e0m vi\u1ec7c, ch\u00fang t\u00f4i lu\u00f4n l\u1eafng nghe v\u00e0 ti\u1ebfp nh\u1eadn thay \u0111\u1ed5i \u0111\u1ec3 \u0111\u1ea3m b\u1ea3o c\u00f4ng tr\u00ecnh \u0111\u01b0\u1ee3c t\u1ed1i \u01b0u nh\u1ea5t.<\/p>\n<\/div>\n<\/div>\n<\/div>\n\n\n\n<div class=\"wp-block-column has-shadow-dark feature-list is-layout-flow wp-block-column-is-layout-flow\" style=\"padding-top:0;padding-right:0;padding-bottom:0;padding-left:0\">\n<div class=\"wp-block-group is-layout-constrained wp-block-group-is-layout-constrained\">\n<figure class=\"wp-block-image aligncenter size-full\"><img loading=\"lazy\" decoding=\"async\" width=\"500\" height=\"333\" src=\"https:\/\/tariana.vn\/wp-content\/uploads\/2024\/07\/bao-tri-bao-hanh.jpg\" alt=\"\" class=\"wp-image-287\" srcset=\"https:\/\/tariana.vn\/wp-content\/uploads\/2024\/07\/bao-tri-bao-hanh.jpg 500w, https:\/\/tariana.vn\/wp-content\/uploads\/2024\/07\/bao-tri-bao-hanh-300x200.jpg 300w\" sizes=\"auto, (max-width: 500px) 100vw, 500px\" \/><\/figure>\n\n\n\n<div class=\"wp-block-group is-layout-constrained wp-container-core-group-is-layout-33 wp-block-group-is-layout-constrained\" style=\"padding-right:2rem;padding-bottom:2rem;padding-left:2rem\">\n<h3 class=\"wp-block-heading has-text-align-center has-large-font-size\" style=\"margin-top:0;margin-right:0;margin-bottom:0;margin-left:0;padding-bottom:1.5rem\">B\u00c0N GIAO, B\u1ea2O TR\u00cc, B\u1ea2O H\u00c0NH<\/h3>\n\n\n\n<p class=\"has-text-align-center\" style=\"margin-top:0;margin-right:0;margin-bottom:0;margin-left:0\">      Tariana cam k\u1ebft b\u1ea3o tr\u00ec, b\u1ea3o h\u00e0nh c\u00f4ng tr\u00ecnh nh\u01b0 nh\u1eefng g\u00ec \u0111\u00e3 th\u1ec3 hi\u1ec7n trong h\u1ee3p \u0111\u1ed3ng. Kh\u00f4ng ch\u1ec9 v\u1eady, t\u1ea5t c\u1ea3 nh\u1eefng \u00fd t\u01b0\u1edfng ph\u00e1t sinh \u0111\u1ec1u \u0111\u01b0\u1ee3c ch\u00fang t\u00f4i ti\u1ebfp nh\u1eadn, t\u01b0 v\u1ea5n v\u00e0 th\u1ef1c hi\u1ec7n nhanh ch\u00f3ng.<\/p>\n<\/div>\n<\/div>\n<\/div>\n<\/div>\n","protected":false},"excerpt":{"rendered":"<p>D\u1ecaCH V\u1ee4 Thi\u1ebft k\u1ebf thi c\u00f4ng nh\u00e0 ph\u1ed1, bi\u1ec7t th\u1ef1, villa Thi\u1ebft k\u1ec3 thi c\u00f4ng t\u00f2a nh\u00e0, kh\u00e1ch s\u1ea1n, resort Thi\u1ebft k\u1ec3 thi c\u00f4ng c\u0103n h\u1ed9 cho thu\u00ea C\u1ea3i t\u1ea1o s\u1eeda ch\u1eefa Thi\u1ebft k\u1ec3 thi c\u00f4ng d\u1ecbch v\u1ee5 gi\u1ea3i tr\u00ed, showroom, nh\u00e0 h\u00e0ng, c\u00e0 ph\u00ea, bar T\u01b0 v\u1ea5n \u2013 L\u1eadp&hellip;<\/p>\n","protected":false},"author":1,"featured_media":7,"parent":0,"menu_order":0,"comment_status":"closed","ping_status":"closed","template":"template-pagebuilder.php","meta":{"footnotes":""},"class_list":["post-13","page","type-page","status-publish","has-post-thumbnail","hentry"],"_links":{"self":[{"href":"https:\/\/tariana.vn\/index.php\/wp-json\/wp\/v2\/pages\/13","targetHints":{"allow":["GET"]}}],"collection":[{"href":"https:\/\/tariana.vn\/index.php\/wp-json\/wp\/v2\/pages"}],"about":[{"href":"https:\/\/tariana.vn\/index.php\/wp-json\/wp\/v2\/types\/page"}],"author":[{"embeddable":true,"href":"https:\/\/tariana.vn\/index.php\/wp-json\/wp\/v2\/users\/1"}],"replies":[{"embeddable":true,"href":"https:\/\/tariana.vn\/index.php\/wp-json\/wp\/v2\/comments?post=13"}],"version-history":[{"count":13,"href":"https:\/\/tariana.vn\/index.php\/wp-json\/wp\/v2\/pages\/13\/revisions"}],"predecessor-version":[{"id":880,"href":"https:\/\/tariana.vn\/index.php\/wp-json\/wp\/v2\/pages\/13\/revisions\/880"}],"wp:featuredmedia":[{"embeddable":true,"href":"https:\/\/tariana.vn\/index.php\/wp-json\/wp\/v2\/media\/7"}],"wp:attachment":[{"href":"https:\/\/tariana.vn\/index.php\/wp-json\/wp\/v2\/media?parent=13"}],"curies":[{"name":"wp","href":"https:\/\/api.w.org\/{rel}","templated":true}]}}