{"id":679,"date":"2024-07-15T13:05:30","date_gmt":"2024-07-15T06:05:30","guid":{"rendered":"https:\/\/tariana.vn\/?page_id=679"},"modified":"2024-08-16T11:19:40","modified_gmt":"2024-08-16T04:19:40","slug":"show-room-nha-hang-ca-phe-bar","status":"publish","type":"page","link":"https:\/\/tariana.vn\/index.php\/show-room-nha-hang-ca-phe-bar\/","title":{"rendered":"SHOW ROOM &#8211; NH\u00c0 H\u00c0NG &#8211; C\u00c0 PH\u00ca &#8211; BAR"},"content":{"rendered":"\n<div class=\"wp-block-group alignwide has-background is-layout-constrained wp-block-group-is-layout-constrained\" style=\"border-style:none;border-width:0px;background-color:#fefefe;padding-top:50px;padding-bottom:80px\">\n<div class=\"wp-block-group alignwide has-white-background-color has-background is-layout-constrained wp-container-core-group-is-layout-26 wp-block-group-is-layout-constrained\" style=\"padding-top:0px;padding-right:0px;padding-bottom:0px;padding-left:0px\">\n<div class=\"wp-block-group alignwide is-layout-constrained wp-container-core-group-is-layout-5 wp-block-group-is-layout-constrained\" style=\"padding-bottom:30px\">\n<div class=\"wp-block-group alignwide is-layout-constrained wp-container-core-group-is-layout-4 wp-block-group-is-layout-constrained\" style=\"padding-bottom:30px\">\n<div class=\"wp-block-group animated animated-fadeInUp is-content-justification-center is-nowrap is-layout-flex wp-container-core-group-is-layout-3 wp-block-group-is-layout-flex\">\n<div class=\"wp-block-group hide-on-mobile is-layout-flow wp-block-group-is-layout-flow\">\n<hr class=\"wp-block-separator has-text-color has-primary-color has-alpha-channel-opacity has-primary-background-color has-background\"\/>\n<\/div>\n\n\n\n<p class=\"has-text-align-left has-primary-color has-text-color has-medium-font-size\" style=\"letter-spacing:1px\">SHOW ROOM &#8211; NH\u00c0 H\u00c0NG &#8211; C\u00c0 PH\u00ca &#8211; BAR<\/p>\n\n\n\n<div class=\"wp-block-group hide-on-mobile is-layout-flow wp-block-group-is-layout-flow\">\n<hr class=\"wp-block-separator has-text-color has-primary-color has-alpha-channel-opacity has-primary-background-color has-background\"\/>\n<\/div>\n<\/div>\n<\/div>\n<\/div>\n\n\n\n<div class=\"wp-block-group alignwide animated animated-fadeInUp is-layout-constrained wp-block-group-is-layout-constrained\">\n<div class=\"wp-block-columns alignwide is-layout-flex wp-container-core-columns-is-layout-1 wp-block-columns-is-layout-flex\" style=\"padding-top:0px;padding-right:0px;padding-bottom:0px;padding-left:0px\">\n<div class=\"wp-block-column is-layout-flow wp-container-core-column-is-layout-1 wp-block-column-is-layout-flow\" style=\"padding-top:0px;padding-right:0px;padding-bottom:0px;padding-left:0px\">\n<div class=\"wp-block-group  animated animated-fadeInUp is-layout-flow wp-block-group-is-layout-flow\">\n<div class=\"wp-block-cover has-custom-content-position is-position-bottom-left\" style=\"padding-top:40px;padding-right:40px;padding-bottom:40px;padding-left:40px;min-height:250px;aspect-ratio:unset;\"><span aria-hidden=\"true\" class=\"wp-block-cover__background has-background-dim-10 has-background-dim wp-block-cover__gradient-background has-background-gradient\" style=\"background-color:#a8a293;background:linear-gradient(180deg,rgba(0,0,0,0.13) 3%,rgba(9,9,9,0.92) 91%)\"><\/span><img loading=\"lazy\" decoding=\"async\" width=\"2560\" height=\"1550\" class=\"wp-block-cover__image-background wp-image-295\" alt=\"\" src=\"https:\/\/tariana.vn\/wp-content\/uploads\/2024\/07\/show-room-2--scaled.jpg\" data-object-fit=\"cover\" srcset=\"https:\/\/tariana.vn\/wp-content\/uploads\/2024\/07\/show-room-2--scaled.jpg 2560w, https:\/\/tariana.vn\/wp-content\/uploads\/2024\/07\/show-room-2--300x182.jpg 300w, https:\/\/tariana.vn\/wp-content\/uploads\/2024\/07\/show-room-2--1024x620.jpg 1024w, https:\/\/tariana.vn\/wp-content\/uploads\/2024\/07\/show-room-2--768x465.jpg 768w, https:\/\/tariana.vn\/wp-content\/uploads\/2024\/07\/show-room-2--1536x930.jpg 1536w, https:\/\/tariana.vn\/wp-content\/uploads\/2024\/07\/show-room-2--2048x1240.jpg 2048w\" sizes=\"auto, (max-width: 2560px) 100vw, 2560px\" \/><div class=\"wp-block-cover__inner-container is-layout-flow wp-block-cover-is-layout-flow\">\n\n<div style=\"height:27px\" aria-hidden=\"true\" class=\"wp-block-spacer\"><\/div>\n\n\n<div class=\"wp-block-group is-layout-flow wp-container-core-group-is-layout-6 wp-block-group-is-layout-flow\">\n\n<h2 class=\"wp-block-heading has-text-align-left has-background-color has-text-color has-link-color has-large-font-size wp-elements-b03f4ea20f2a9ef86b90d8350194754f\" style=\"font-style:normal;font-weight:600\"><\/h2>\n\n<\/div>\n\n<\/div><\/div>\n<\/div>\n\n\n\n<div class=\"wp-block-group animated animated-fadeInUp is-layout-flow wp-block-group-is-layout-flow\" style=\"padding-top:20px\">\n<div class=\"wp-block-cover is-light has-custom-content-position is-position-bottom-left\" style=\"padding-top:40px;padding-right:40px;padding-bottom:40px;padding-left:40px;min-height:250px;aspect-ratio:unset;\"><span aria-hidden=\"true\" class=\"wp-block-cover__background has-background-dim-10 has-background-dim wp-block-cover__gradient-background has-background-gradient\" style=\"background-color:#a3a2a1;background:linear-gradient(180deg,rgba(0,0,0,0) 0%,rgb(8,8,8) 84%)\"><\/span><img loading=\"lazy\" decoding=\"async\" width=\"2560\" height=\"1122\" class=\"wp-block-cover__image-background wp-image-297\" alt=\"\" src=\"https:\/\/tariana.vn\/wp-content\/uploads\/2024\/07\/show-room-3--scaled.jpg\" data-object-fit=\"cover\" srcset=\"https:\/\/tariana.vn\/wp-content\/uploads\/2024\/07\/show-room-3--scaled.jpg 2560w, https:\/\/tariana.vn\/wp-content\/uploads\/2024\/07\/show-room-3--300x131.jpg 300w, https:\/\/tariana.vn\/wp-content\/uploads\/2024\/07\/show-room-3--1024x449.jpg 1024w, https:\/\/tariana.vn\/wp-content\/uploads\/2024\/07\/show-room-3--768x337.jpg 768w, https:\/\/tariana.vn\/wp-content\/uploads\/2024\/07\/show-room-3--1536x673.jpg 1536w, https:\/\/tariana.vn\/wp-content\/uploads\/2024\/07\/show-room-3--2048x897.jpg 2048w\" sizes=\"auto, (max-width: 2560px) 100vw, 2560px\" \/><div class=\"wp-block-cover__inner-container is-layout-flow wp-block-cover-is-layout-flow\">\n\n<div style=\"height:0px\" aria-hidden=\"true\" class=\"wp-block-spacer\"><\/div>\n\n\n<div class=\"wp-block-group is-layout-flow wp-container-core-group-is-layout-8 wp-block-group-is-layout-flow\">\n\n<h2 class=\"wp-block-heading has-text-align-left has-link-color has-large-font-size wp-elements-8bd7c0c4044c6613bfc97fc6f31173f1\" style=\"font-style:normal;font-weight:600\"><\/h2>\n\n<\/div>\n\n<\/div><\/div>\n<\/div>\n<\/div>\n\n\n\n<div class=\"wp-block-column is-vertically-aligned-bottom is-layout-flow wp-block-column-is-layout-flow\" style=\"flex-basis:60%\">\n<div class=\"wp-block-group  animated animated-fadeInUp is-layout-flow wp-block-group-is-layout-flow\">\n<div class=\"wp-block-cover has-custom-content-position is-position-bottom-left\" style=\"padding-top:40px;padding-right:40px;padding-bottom:40px;padding-left:40px;min-height:520px;aspect-ratio:unset;\"><span aria-hidden=\"true\" class=\"wp-block-cover__background has-background-dim-10 has-background-dim wp-block-cover__gradient-background has-background-gradient\" style=\"background-color:#a59fa5;background:linear-gradient(180deg,rgba(0,0,0,0.18) 0%,rgb(0,0,0) 87%)\"><\/span><img loading=\"lazy\" decoding=\"async\" width=\"2560\" height=\"1425\" class=\"wp-block-cover__image-background wp-image-294\" alt=\"\" src=\"https:\/\/tariana.vn\/wp-content\/uploads\/2024\/07\/show-room-4--scaled.jpg\" data-object-fit=\"cover\" srcset=\"https:\/\/tariana.vn\/wp-content\/uploads\/2024\/07\/show-room-4--scaled.jpg 2560w, https:\/\/tariana.vn\/wp-content\/uploads\/2024\/07\/show-room-4--300x167.jpg 300w, https:\/\/tariana.vn\/wp-content\/uploads\/2024\/07\/show-room-4--1024x570.jpg 1024w, https:\/\/tariana.vn\/wp-content\/uploads\/2024\/07\/show-room-4--768x428.jpg 768w, https:\/\/tariana.vn\/wp-content\/uploads\/2024\/07\/show-room-4--1536x855.jpg 1536w, https:\/\/tariana.vn\/wp-content\/uploads\/2024\/07\/show-room-4--2048x1140.jpg 2048w\" sizes=\"auto, (max-width: 2560px) 100vw, 2560px\" \/><div class=\"wp-block-cover__inner-container is-layout-flow wp-block-cover-is-layout-flow\">\n\n<div class=\"wp-block-group is-layout-flow wp-container-core-group-is-layout-10 wp-block-group-is-layout-flow\">\n\n<h2 class=\"wp-block-heading has-text-align-left has-background-color has-text-color has-link-color has-large-font-size wp-elements-dc2d2f55e74af681f25d32c8060cc535\" style=\"font-style:normal;font-weight:600\"><a href=\"#\">Tariana Showroom &#8211; \u0110\u00e0 L\u1ea1t<\/a><\/h2>\n\n\n<p class=\"has-background-color has-text-color has-normal-font-size\">C\u1eeda h\u00e0ng &#8211; Show room<\/p>\n\n<\/div>\n\n<\/div><\/div>\n<\/div>\n<\/div>\n<\/div>\n\n\n\n<div class=\"wp-block-columns alignwide is-layout-flex wp-container-core-columns-is-layout-2 wp-block-columns-is-layout-flex\" style=\"padding-top:0px;padding-right:0px;padding-bottom:0px;padding-left:0px\">\n<div class=\"wp-block-column is-layout-flow wp-container-core-column-is-layout-3 wp-block-column-is-layout-flow\" style=\"padding-top:0px;padding-right:0px;padding-bottom:0px;padding-left:0px\">\n<div class=\"wp-block-group  animated animated-fadeInUp is-layout-flow wp-block-group-is-layout-flow\">\n<div class=\"wp-block-cover has-custom-content-position is-position-bottom-left\" style=\"padding-top:40px;padding-right:40px;padding-bottom:40px;padding-left:40px;min-height:250px;aspect-ratio:unset;\"><span aria-hidden=\"true\" class=\"wp-block-cover__background has-background-dim-10 has-background-dim wp-block-cover__gradient-background has-background-gradient\" style=\"background-color:#a8a293;background:linear-gradient(180deg,rgba(0,0,0,0.13) 3%,rgba(9,9,9,0.92) 91%)\"><\/span><img loading=\"lazy\" decoding=\"async\" width=\"1000\" height=\"665\" class=\"wp-block-cover__image-background wp-image-271\" alt=\"\" src=\"https:\/\/tariana.vn\/wp-content\/uploads\/2024\/07\/vy-tram-2.jpeg\" data-object-fit=\"cover\" srcset=\"https:\/\/tariana.vn\/wp-content\/uploads\/2024\/07\/vy-tram-2.jpeg 1000w, https:\/\/tariana.vn\/wp-content\/uploads\/2024\/07\/vy-tram-2-300x200.jpeg 300w, https:\/\/tariana.vn\/wp-content\/uploads\/2024\/07\/vy-tram-2-768x511.jpeg 768w\" sizes=\"auto, (max-width: 1000px) 100vw, 1000px\" \/><div class=\"wp-block-cover__inner-container is-layout-flow wp-block-cover-is-layout-flow\">\n<div style=\"height:27px\" aria-hidden=\"true\" class=\"wp-block-spacer\"><\/div>\n\n\n\n<div class=\"wp-block-group is-layout-flow wp-container-core-group-is-layout-12 wp-block-group-is-layout-flow\">\n<h2 class=\"wp-block-heading has-text-align-left has-background-color has-text-color has-link-color has-large-font-size wp-elements-b03f4ea20f2a9ef86b90d8350194754f\" style=\"font-style:normal;font-weight:600\"><\/h2>\n<\/div>\n<\/div><\/div>\n<\/div>\n\n\n\n<div class=\"wp-block-group animated animated-fadeInUp is-layout-flow wp-block-group-is-layout-flow\" style=\"padding-top:20px\">\n<div class=\"wp-block-cover has-custom-content-position is-position-bottom-left\" style=\"padding-top:40px;padding-right:40px;padding-bottom:40px;padding-left:40px;min-height:250px;aspect-ratio:unset;\"><span aria-hidden=\"true\" class=\"wp-block-cover__background has-background-dim-10 has-background-dim wp-block-cover__gradient-background has-background-gradient\" style=\"background-color:#a3a2a1;background:linear-gradient(180deg,rgba(0,0,0,0) 0%,rgb(8,8,8) 84%)\"><\/span><img loading=\"lazy\" decoding=\"async\" width=\"1000\" height=\"667\" class=\"wp-block-cover__image-background wp-image-270\" alt=\"\" src=\"https:\/\/tariana.vn\/wp-content\/uploads\/2024\/07\/vy-tram-1.jpeg\" data-object-fit=\"cover\" srcset=\"https:\/\/tariana.vn\/wp-content\/uploads\/2024\/07\/vy-tram-1.jpeg 1000w, https:\/\/tariana.vn\/wp-content\/uploads\/2024\/07\/vy-tram-1-300x200.jpeg 300w, https:\/\/tariana.vn\/wp-content\/uploads\/2024\/07\/vy-tram-1-768x512.jpeg 768w\" sizes=\"auto, (max-width: 1000px) 100vw, 1000px\" \/><div class=\"wp-block-cover__inner-container is-layout-flow wp-block-cover-is-layout-flow\">\n<div style=\"height:0px\" aria-hidden=\"true\" class=\"wp-block-spacer\"><\/div>\n\n\n\n<div class=\"wp-block-group is-layout-flow wp-container-core-group-is-layout-14 wp-block-group-is-layout-flow\">\n<h2 class=\"wp-block-heading has-text-align-left has-link-color has-large-font-size wp-elements-8bd7c0c4044c6613bfc97fc6f31173f1\" style=\"font-style:normal;font-weight:600\"><\/h2>\n<\/div>\n<\/div><\/div>\n<\/div>\n<\/div>\n\n\n\n<div class=\"wp-block-column is-vertically-aligned-bottom is-layout-flow wp-block-column-is-layout-flow\" style=\"flex-basis:60%\">\n<div class=\"wp-block-group  animated animated-fadeInUp is-layout-flow wp-block-group-is-layout-flow\">\n<div class=\"wp-block-cover has-custom-content-position is-position-bottom-left\" style=\"padding-top:40px;padding-right:40px;padding-bottom:40px;padding-left:40px;min-height:520px;aspect-ratio:unset;\"><span aria-hidden=\"true\" class=\"wp-block-cover__background has-background-dim-10 has-background-dim wp-block-cover__gradient-background has-background-gradient\" style=\"background-color:#a59fa5;background:linear-gradient(180deg,rgba(0,0,0,0.18) 0%,rgb(0,0,0) 87%)\"><\/span><img loading=\"lazy\" decoding=\"async\" width=\"1000\" height=\"1500\" class=\"wp-block-cover__image-background wp-image-272\" alt=\"\" src=\"https:\/\/tariana.vn\/wp-content\/uploads\/2024\/07\/vy-tram-3.jpeg\" data-object-fit=\"cover\" srcset=\"https:\/\/tariana.vn\/wp-content\/uploads\/2024\/07\/vy-tram-3.jpeg 1000w, https:\/\/tariana.vn\/wp-content\/uploads\/2024\/07\/vy-tram-3-200x300.jpeg 200w, https:\/\/tariana.vn\/wp-content\/uploads\/2024\/07\/vy-tram-3-683x1024.jpeg 683w, https:\/\/tariana.vn\/wp-content\/uploads\/2024\/07\/vy-tram-3-768x1152.jpeg 768w\" sizes=\"auto, (max-width: 1000px) 100vw, 1000px\" \/><div class=\"wp-block-cover__inner-container is-layout-flow wp-block-cover-is-layout-flow\">\n<div class=\"wp-block-group is-layout-flow wp-container-core-group-is-layout-16 wp-block-group-is-layout-flow\">\n<h2 class=\"wp-block-heading has-text-align-left has-background-color has-text-color has-link-color has-large-font-size wp-elements-036a92b8ae6c9829491f6ee82af42c07\" style=\"font-style:normal;font-weight:600\"><a href=\"#\">Vy Tr\u00e2m Perfume &#8211; \u0110\u00e0 L\u1ea1t<\/a><\/h2>\n\n\n\n<p class=\"has-background-color has-text-color has-normal-font-size\">C\u1eeda h\u00e0ng &#8211; Show room<\/p>\n<\/div>\n<\/div><\/div>\n<\/div>\n<\/div>\n<\/div>\n\n\n\n<div class=\"wp-block-columns alignwide is-layout-flex wp-container-core-columns-is-layout-3 wp-block-columns-is-layout-flex\" style=\"padding-top:0px;padding-right:0px;padding-bottom:0px;padding-left:0px\">\n<div class=\"wp-block-column is-layout-flow wp-container-core-column-is-layout-5 wp-block-column-is-layout-flow\" style=\"padding-top:0px;padding-right:0px;padding-bottom:0px;padding-left:0px\">\n<div class=\"wp-block-group  animated animated-fadeInUp is-layout-flow wp-block-group-is-layout-flow\">\n<div class=\"wp-block-cover is-light has-custom-content-position is-position-bottom-left\" style=\"padding-top:40px;padding-right:40px;padding-bottom:40px;padding-left:40px;min-height:250px;aspect-ratio:unset;\"><span aria-hidden=\"true\" class=\"wp-block-cover__background has-background-dim-10 has-background-dim wp-block-cover__gradient-background has-background-gradient\" style=\"background-color:#a8a293;background:linear-gradient(180deg,rgba(0,0,0,0.13) 3%,rgba(9,9,9,0.92) 91%)\"><\/span><img loading=\"lazy\" decoding=\"async\" width=\"5844\" height=\"3972\" class=\"wp-block-cover__image-background wp-image-891\" alt=\"\" src=\"https:\/\/tariana.vn\/wp-content\/uploads\/2024\/08\/showroom-Hoang-Anh-Dalat-2.jpeg\" data-object-fit=\"cover\"\/><div class=\"wp-block-cover__inner-container is-layout-flow wp-block-cover-is-layout-flow\">\n<div style=\"height:27px\" aria-hidden=\"true\" class=\"wp-block-spacer\"><\/div>\n\n\n\n<div class=\"wp-block-group is-layout-flow wp-container-core-group-is-layout-18 wp-block-group-is-layout-flow\">\n<h2 class=\"wp-block-heading has-text-align-left has-background-color has-text-color has-link-color has-large-font-size wp-elements-b03f4ea20f2a9ef86b90d8350194754f\" style=\"font-style:normal;font-weight:600\"><\/h2>\n<\/div>\n<\/div><\/div>\n<\/div>\n\n\n\n<div class=\"wp-block-group animated animated-fadeInUp is-layout-flow wp-block-group-is-layout-flow\" style=\"padding-top:20px\">\n<div class=\"wp-block-cover is-light has-custom-content-position is-position-bottom-left\" style=\"padding-top:40px;padding-right:40px;padding-bottom:40px;padding-left:40px;min-height:250px;aspect-ratio:unset;\"><span aria-hidden=\"true\" class=\"wp-block-cover__background has-background-dim-10 has-background-dim wp-block-cover__gradient-background has-background-gradient\" style=\"background-color:#a3a2a1;background:linear-gradient(180deg,rgba(0,0,0,0) 0%,rgb(8,8,8) 84%)\"><\/span><img loading=\"lazy\" decoding=\"async\" width=\"4032\" height=\"3024\" class=\"wp-block-cover__image-background wp-image-889\" alt=\"\" src=\"https:\/\/tariana.vn\/wp-content\/uploads\/2024\/08\/showroom-Hoang-Anh-Dalat.jpeg\" data-object-fit=\"cover\"\/><div class=\"wp-block-cover__inner-container is-layout-flow wp-block-cover-is-layout-flow\">\n<div style=\"height:0px\" aria-hidden=\"true\" class=\"wp-block-spacer\"><\/div>\n\n\n\n<div class=\"wp-block-group is-layout-flow wp-container-core-group-is-layout-20 wp-block-group-is-layout-flow\">\n<h2 class=\"wp-block-heading has-text-align-left has-link-color has-large-font-size wp-elements-8bd7c0c4044c6613bfc97fc6f31173f1\" style=\"font-style:normal;font-weight:600\"><\/h2>\n<\/div>\n<\/div><\/div>\n<\/div>\n<\/div>\n\n\n\n<div class=\"wp-block-column is-vertically-aligned-bottom is-layout-flow wp-block-column-is-layout-flow\" style=\"flex-basis:60%\">\n<div class=\"wp-block-group  animated animated-fadeInUp is-layout-flow wp-block-group-is-layout-flow\">\n<div class=\"wp-block-cover is-light has-custom-content-position is-position-bottom-left\" style=\"padding-top:40px;padding-right:40px;padding-bottom:40px;padding-left:40px;min-height:520px;aspect-ratio:unset;\"><span aria-hidden=\"true\" class=\"wp-block-cover__background has-background-dim-10 has-background-dim wp-block-cover__gradient-background has-background-gradient\" style=\"background-color:#a59fa5;background:linear-gradient(180deg,rgba(0,0,0,0.18) 0%,rgb(0,0,0) 87%)\"><\/span><img loading=\"lazy\" decoding=\"async\" width=\"3024\" height=\"4032\" class=\"wp-block-cover__image-background wp-image-890\" alt=\"\" src=\"https:\/\/tariana.vn\/wp-content\/uploads\/2024\/08\/showroom-Hoang-Anh-Dalat-1.jpeg\" data-object-fit=\"cover\"\/><div class=\"wp-block-cover__inner-container is-layout-flow wp-block-cover-is-layout-flow\">\n<div class=\"wp-block-group is-layout-flow wp-container-core-group-is-layout-22 wp-block-group-is-layout-flow\">\n<h2 class=\"wp-block-heading has-text-align-left has-background-color has-text-color has-link-color has-large-font-size wp-elements-c73ba615981a4c588579e5042636232b\" style=\"font-style:normal;font-weight:600\"><a href=\"#\">Ho\u00e0ng Oanh &#8211; \u0110\u00e0 L\u1ea1t<\/a><\/h2>\n\n\n\n<p class=\"has-background-color has-text-color has-normal-font-size\">C\u1eeda h\u00e0ng &#8211; Show room<\/p>\n<\/div>\n<\/div><\/div>\n<\/div>\n<\/div>\n<\/div>\n\n\n\n<div class=\"wp-block-columns alignwide is-layout-flex wp-container-core-columns-is-layout-4 wp-block-columns-is-layout-flex\" style=\"padding-top:0px;padding-right:0px;padding-bottom:0px;padding-left:0px\">\n<div class=\"wp-block-column is-layout-flow wp-container-core-column-is-layout-7 wp-block-column-is-layout-flow\" style=\"padding-top:0px;padding-right:0px;padding-bottom:0px;padding-left:0px\">\n<figure style=\"padding-top:var(--wp--preset--spacing--30);padding-right:var(--wp--preset--spacing--70);padding-bottom:var(--wp--preset--spacing--30);padding-left:var(--wp--preset--spacing--70)\" class=\"wp-block-video\"><video controls poster=\"https:\/\/tariana.vn\/wp-content\/uploads\/2024\/08\/gleez-bar-dalat.jpg\" src=\"https:\/\/tariana.vn\/wp-content\/uploads\/2024\/08\/GLEEZ_BAR-Dalat.mp4\"><\/video><\/figure>\n\n\n\n<div class=\"wp-block-group animated animated-fadeInUp is-layout-flow wp-block-group-is-layout-flow\" style=\"padding-top:20px\"><\/div>\n<\/div>\n<\/div>\n<\/div>\n<\/div>\n<\/div>\n\n\n\n\n\n<p><\/p>\n","protected":false},"excerpt":{"rendered":"<p>SHOW ROOM &#8211; NH\u00c0 H\u00c0NG &#8211; C\u00c0 PH\u00ca &#8211; BAR<\/p>\n","protected":false},"author":1,"featured_media":0,"parent":0,"menu_order":0,"comment_status":"closed","ping_status":"closed","template":"template-pagebuilder.php","meta":{"footnotes":""},"class_list":["post-679","page","type-page","status-publish","hentry"],"_links":{"self":[{"href":"https:\/\/tariana.vn\/index.php\/wp-json\/wp\/v2\/pages\/679","targetHints":{"allow":["GET"]}}],"collection":[{"href":"https:\/\/tariana.vn\/index.php\/wp-json\/wp\/v2\/pages"}],"about":[{"href":"https:\/\/tariana.vn\/index.php\/wp-json\/wp\/v2\/types\/page"}],"author":[{"embeddable":true,"href":"https:\/\/tariana.vn\/index.php\/wp-json\/wp\/v2\/users\/1"}],"replies":[{"embeddable":true,"href":"https:\/\/tariana.vn\/index.php\/wp-json\/wp\/v2\/comments?post=679"}],"version-history":[{"count":5,"href":"https:\/\/tariana.vn\/index.php\/wp-json\/wp\/v2\/pages\/679\/revisions"}],"predecessor-version":[{"id":898,"href":"https:\/\/tariana.vn\/index.php\/wp-json\/wp\/v2\/pages\/679\/revisions\/898"}],"wp:attachment":[{"href":"https:\/\/tariana.vn\/index.php\/wp-json\/wp\/v2\/media?parent=679"}],"curies":[{"name":"wp","href":"https:\/\/api.w.org\/{rel}","templated":true}]}}